{"id":46,"date":"2023-08-01T00:00:58","date_gmt":"2023-08-01T00:00:58","guid":{"rendered":"http:\/\/sebastian-schmitt-spd.de\/?page_id=46"},"modified":"2023-08-26T15:21:02","modified_gmt":"2023-08-26T15:21:02","slug":"startseite","status":"publish","type":"page","link":"https:\/\/sebastian-schmitt-spd.de\/","title":{"rendered":"Herzlich willkommen"},"content":{"rendered":"\t\t<div data-elementor-type=\"wp-page\" data-elementor-id=\"46\" class=\"elementor elementor-46\">\n\t\t\t\t\t\t<section class=\"elementor-section elementor-top-section elementor-element elementor-element-822d980 elementor-section-boxed elementor-section-height-default elementor-section-height-default\" data-id=\"822d980\" data-element_type=\"section\" data-e-type=\"section\">\n\t\t\t\t\t\t<div class=\"elementor-container elementor-column-gap-default\">\n\t\t\t\t\t<div class=\"elementor-column elementor-col-50 elementor-top-column elementor-element elementor-element-0e39043\" data-id=\"0e39043\" data-element_type=\"column\" data-e-type=\"column\">\n\t\t\t<div class=\"elementor-widget-wrap elementor-element-populated\">\n\t\t\t\t\t\t<div class=\"elementor-element elementor-element-30087b2 elementor-widget elementor-widget-text-editor\" data-id=\"30087b2\" data-element_type=\"widget\" data-e-type=\"widget\" data-widget_type=\"text-editor.default\">\n\t\t\t\t<div class=\"elementor-widget-container\">\n\t\t\t\t\t\t\t\t\t<p>Liebe Besucherinnen und Besucher,<\/p><p>hiermit m\u00f6chte ich Sie herzlich auf meiner Internetseite begr\u00fc\u00dfen. Auf diesen Seiten finden Sie Informationen \u00fcber meine Person und meine parlamentarische Arbeit im Landtag des Saarlandes sowie als Abgeordneter des Landkreises Merzig-Wadern. Sollten Sie Fragen oder Anregungen haben, so scheuen Sie sich nicht mich zu kontaktieren.<\/p><p>Mit solidarischen Gr\u00fc\u00dfen<\/p><p><strong>Sebastian Schmitt, MdL<\/strong><\/p>\t\t\t\t\t\t\t\t<\/div>\n\t\t\t\t<\/div>\n\t\t\t\t\t<\/div>\n\t\t<\/div>\n\t\t\t\t<div class=\"elementor-column elementor-col-50 elementor-top-column elementor-element elementor-element-76d09d1\" data-id=\"76d09d1\" data-element_type=\"column\" data-e-type=\"column\">\n\t\t\t<div class=\"elementor-widget-wrap elementor-element-populated\">\n\t\t\t\t\t\t<div class=\"elementor-element elementor-element-89d7f55 elementor-widget__width-initial elementor-widget elementor-widget-image\" data-id=\"89d7f55\" data-element_type=\"widget\" data-e-type=\"widget\" data-settings=\"{&quot;_animation&quot;:&quot;none&quot;}\" data-widget_type=\"image.default\">\n\t\t\t\t<div class=\"elementor-widget-container\">\n\t\t\t\t\t\t\t\t\t\t\t\t\t\t\t<img fetchpriority=\"high\" decoding=\"async\" width=\"200\" height=\"300\" src=\"https:\/\/sebastian-schmitt-spd.de\/wp-content\/uploads\/2021_LTW_Shooting_Ausschnitt_2_3-200x300.jpg\" class=\"attachment-medium size-medium wp-image-105\" alt=\"\" srcset=\"https:\/\/sebastian-schmitt-spd.de\/wp-content\/uploads\/2021_LTW_Shooting_Ausschnitt_2_3-200x300.jpg 200w, https:\/\/sebastian-schmitt-spd.de\/wp-content\/uploads\/2021_LTW_Shooting_Ausschnitt_2_3-682x1024.jpg 682w, https:\/\/sebastian-schmitt-spd.de\/wp-content\/uploads\/2021_LTW_Shooting_Ausschnitt_2_3-768x1152.jpg 768w, https:\/\/sebastian-schmitt-spd.de\/wp-content\/uploads\/2021_LTW_Shooting_Ausschnitt_2_3-1024x1536.jpg 1024w, https:\/\/sebastian-schmitt-spd.de\/wp-content\/uploads\/2021_LTW_Shooting_Ausschnitt_2_3.jpg 1311w\" sizes=\"(max-width: 200px) 100vw, 200px\" \/>\t\t\t\t\t\t\t\t\t\t\t\t\t\t\t<\/div>\n\t\t\t\t<\/div>\n\t\t\t\t\t<\/div>\n\t\t<\/div>\n\t\t\t\t\t<\/div>\n\t\t<\/section>\n\t\t\t\t<\/div>\n\t\t","protected":false},"excerpt":{"rendered":"<p>Liebe Besucherinnen und Besucher, hiermit m\u00f6chte ich Sie herzlich auf meiner Internetseite begr\u00fc\u00dfen. Auf diesen Seiten finden Sie Informationen \u00fcber<\/p>\n","protected":false},"author":1,"featured_media":0,"parent":0,"menu_order":1,"comment_status":"closed","ping_status":"closed","template":"","meta":{"colormag_page_container_layout":"no_sidebar_content_centered","colormag_page_sidebar_layout":"no_sidebar","footnotes":""},"class_list":["post-46","page","type-page","status-publish","hentry"],"_links":{"self":[{"href":"https:\/\/sebastian-schmitt-spd.de\/index.php?rest_route=\/wp\/v2\/pages\/46","targetHints":{"allow":["GET"]}}],"collection":[{"href":"https:\/\/sebastian-schmitt-spd.de\/index.php?rest_route=\/wp\/v2\/pages"}],"about":[{"href":"https:\/\/sebastian-schmitt-spd.de\/index.php?rest_route=\/wp\/v2\/types\/page"}],"author":[{"embeddable":true,"href":"https:\/\/sebastian-schmitt-spd.de\/index.php?rest_route=\/wp\/v2\/users\/1"}],"replies":[{"embeddable":true,"href":"https:\/\/sebastian-schmitt-spd.de\/index.php?rest_route=%2Fwp%2Fv2%2Fcomments&post=46"}],"version-history":[{"count":51,"href":"https:\/\/sebastian-schmitt-spd.de\/index.php?rest_route=\/wp\/v2\/pages\/46\/revisions"}],"predecessor-version":[{"id":552,"href":"https:\/\/sebastian-schmitt-spd.de\/index.php?rest_route=\/wp\/v2\/pages\/46\/revisions\/552"}],"wp:attachment":[{"href":"https:\/\/sebastian-schmitt-spd.de\/index.php?rest_route=%2Fwp%2Fv2%2Fmedia&parent=46"}],"curies":[{"name":"wp","href":"https:\/\/api.w.org\/{rel}","templated":true}]}}