{"id":380,"date":"2023-08-01T00:00:12","date_gmt":"2023-08-01T00:00:12","guid":{"rendered":"https:\/\/sebastian-schmitt-spd.de\/?page_id=380"},"modified":"2025-05-03T23:33:15","modified_gmt":"2025-05-03T23:33:15","slug":"heimat","status":"publish","type":"page","link":"https:\/\/sebastian-schmitt-spd.de\/?page_id=380","title":{"rendered":"Heimat"},"content":{"rendered":"\t\t<div data-elementor-type=\"wp-page\" data-elementor-id=\"380\" class=\"elementor elementor-380\">\n\t\t\t\t\t\t<section class=\"elementor-section elementor-top-section elementor-element elementor-element-aa37788 elementor-section-boxed elementor-section-height-default elementor-section-height-default\" data-id=\"aa37788\" data-element_type=\"section\" data-e-type=\"section\">\n\t\t\t\t\t\t<div class=\"elementor-container elementor-column-gap-default\">\n\t\t\t\t\t<div class=\"elementor-column elementor-col-66 elementor-top-column elementor-element elementor-element-abe642f\" data-id=\"abe642f\" data-element_type=\"column\" data-e-type=\"column\">\n\t\t\t<div class=\"elementor-widget-wrap elementor-element-populated\">\n\t\t\t\t\t\t<div class=\"elementor-element elementor-element-3554e7c elementor-widget elementor-widget-text-editor\" data-id=\"3554e7c\" data-element_type=\"widget\" data-e-type=\"widget\" data-widget_type=\"text-editor.default\">\n\t\t\t\t<div class=\"elementor-widget-container\">\n\t\t\t\t\t\t\t\t\t<p>Der Landkreis Merzig-Wadern ist mein Zuhause. Der &#8222;Gr\u00fcne Kreis&#8220; im Norden des Saarlandes beherbergt zahlreiche touristische Attraktionen und wundersch\u00f6ne Naturlandschaften. Wir leben dort, wo andere Urlaub machen.<\/p><p>Mein besonderes Engagement gilt meiner Heimatgemeinde Beckingen, in der ich mich auch politisch &#8222;an der Basis&#8220; engagiere und im Gemeinderat aktiv bin.<\/p><h5>Mitgliedschaften und Funktionen in Parteien<\/h5><p>seit 2007<br \/>Mitglied in der SPD<\/p><p>seit 2014<br \/>Vorsitzender des SPD OV Beckingen<\/p><p>seit 2017<br \/>Stellv. Vorsitzender der SPD Gemeinderatsfraktion<\/p><p>seit 2020<br \/>Vorsitzender des SPD GV Beckingen<\/p><p>seit 2020<br \/>Stellv. Vorsitzender des SPD KV Merzig-Wadern<\/p>\t\t\t\t\t\t\t\t<\/div>\n\t\t\t\t<\/div>\n\t\t\t\t\t<\/div>\n\t\t<\/div>\n\t\t\t\t<div class=\"elementor-column elementor-col-33 elementor-top-column elementor-element elementor-element-1ef3a55\" data-id=\"1ef3a55\" data-element_type=\"column\" data-e-type=\"column\">\n\t\t\t<div class=\"elementor-widget-wrap elementor-element-populated\">\n\t\t\t\t\t\t<div class=\"elementor-element elementor-element-be1eb88 elementor-widget elementor-widget-image\" data-id=\"be1eb88\" data-element_type=\"widget\" data-e-type=\"widget\" data-widget_type=\"image.default\">\n\t\t\t\t<div class=\"elementor-widget-container\">\n\t\t\t\t\t\t\t\t\t\t\t\t\t\t\t<img fetchpriority=\"high\" decoding=\"async\" width=\"300\" height=\"200\" src=\"https:\/\/sebastian-schmitt-spd.de\/wp-content\/uploads\/Saarschleife-300x200.jpg\" class=\"attachment-medium size-medium wp-image-412\" alt=\"\" srcset=\"https:\/\/sebastian-schmitt-spd.de\/wp-content\/uploads\/Saarschleife-300x200.jpg 300w, https:\/\/sebastian-schmitt-spd.de\/wp-content\/uploads\/Saarschleife.jpg 500w\" sizes=\"(max-width: 300px) 100vw, 300px\" \/>\t\t\t\t\t\t\t\t\t\t\t\t\t\t\t<\/div>\n\t\t\t\t<\/div>\n\t\t\t\t\t<\/div>\n\t\t<\/div>\n\t\t\t\t\t<\/div>\n\t\t<\/section>\n\t\t\t\t<section class=\"elementor-section elementor-top-section elementor-element elementor-element-d756b97 elementor-section-boxed elementor-section-height-default elementor-section-height-default\" data-id=\"d756b97\" data-element_type=\"section\" data-e-type=\"section\">\n\t\t\t\t\t\t<div class=\"elementor-container elementor-column-gap-default\">\n\t\t\t\t\t<div class=\"elementor-column elementor-col-50 elementor-top-column elementor-element elementor-element-0892fde\" data-id=\"0892fde\" data-element_type=\"column\" data-e-type=\"column\">\n\t\t\t<div class=\"elementor-widget-wrap elementor-element-populated\">\n\t\t\t\t\t\t<div class=\"elementor-element elementor-element-167b459 elementor-widget elementor-widget-text-editor\" data-id=\"167b459\" data-element_type=\"widget\" data-e-type=\"widget\" data-widget_type=\"text-editor.default\">\n\t\t\t\t<div class=\"elementor-widget-container\">\n\t\t\t\t\t\t\t\t\t<h5>Mitgliedschaft in einer kommunalen Vertretungsk\u00f6rperschaft<\/h5>\n<p>2017 &#8211; 2019<br>\nMitglied im Ortsrat Beckingen<\/p>\n<p>seit 2015<br>\nMitglied im Gemeinderat Beckingen<\/p>\n<p>dort aktuell<br>\nMitglied im Haupt-, Personal- und Finanzausschuss (HFPA); Mitglied im Ausschuss f\u00fcr Kultur, \u00f6ffentliche Sicherheit, Verkehr und Soziales (K\u00d6VSA), Sprecher<\/p>\n<p>seit 2024<br>\nMitglied im Kreistag von Merzig-Wadern<\/p>\n<p>dort aktuell<br>\nMitglied im Ausschuss f\u00fcr Umwelt, Klima, Mobilit\u00e4t, Energie und Agrar (UKMEA)<\/p>\t\t\t\t\t\t\t\t<\/div>\n\t\t\t\t<\/div>\n\t\t\t\t\t<\/div>\n\t\t<\/div>\n\t\t\t\t<div class=\"elementor-column elementor-col-50 elementor-top-column elementor-element elementor-element-f2144c7\" data-id=\"f2144c7\" data-element_type=\"column\" data-e-type=\"column\">\n\t\t\t<div class=\"elementor-widget-wrap elementor-element-populated\">\n\t\t\t\t\t\t<div class=\"elementor-element elementor-element-5891aa1 elementor-widget__width-initial elementor-widget elementor-widget-image\" data-id=\"5891aa1\" data-element_type=\"widget\" data-e-type=\"widget\" data-widget_type=\"image.default\">\n\t\t\t\t<div class=\"elementor-widget-container\">\n\t\t\t\t\t\t\t\t\t\t\t\t\t\t\t<img decoding=\"async\" width=\"300\" height=\"225\" src=\"https:\/\/sebastian-schmitt-spd.de\/wp-content\/uploads\/Natur-300x225.jpg\" class=\"attachment-medium size-medium wp-image-406\" alt=\"\" srcset=\"https:\/\/sebastian-schmitt-spd.de\/wp-content\/uploads\/Natur-300x225.jpg 300w, https:\/\/sebastian-schmitt-spd.de\/wp-content\/uploads\/Natur.jpg 500w\" sizes=\"(max-width: 300px) 100vw, 300px\" \/>\t\t\t\t\t\t\t\t\t\t\t\t\t\t\t<\/div>\n\t\t\t\t<\/div>\n\t\t\t\t\t<\/div>\n\t\t<\/div>\n\t\t\t\t\t<\/div>\n\t\t<\/section>\n\t\t\t\t<\/div>\n\t\t","protected":false},"excerpt":{"rendered":"<p>Der Landkreis Merzig-Wadern ist mein Zuhause. Der &#8222;Gr\u00fcne Kreis&#8220; im Norden des Saarlandes beherbergt zahlreiche touristische Attraktionen und wundersch\u00f6ne Naturlandschaften.<\/p>\n","protected":false},"author":1,"featured_media":0,"parent":0,"menu_order":4,"comment_status":"closed","ping_status":"closed","template":"","meta":{"colormag_page_container_layout":"no_sidebar_content_centered","colormag_page_sidebar_layout":"no_sidebar","footnotes":""},"class_list":["post-380","page","type-page","status-publish","hentry"],"_links":{"self":[{"href":"https:\/\/sebastian-schmitt-spd.de\/index.php?rest_route=\/wp\/v2\/pages\/380","targetHints":{"allow":["GET"]}}],"collection":[{"href":"https:\/\/sebastian-schmitt-spd.de\/index.php?rest_route=\/wp\/v2\/pages"}],"about":[{"href":"https:\/\/sebastian-schmitt-spd.de\/index.php?rest_route=\/wp\/v2\/types\/page"}],"author":[{"embeddable":true,"href":"https:\/\/sebastian-schmitt-spd.de\/index.php?rest_route=\/wp\/v2\/users\/1"}],"replies":[{"embeddable":true,"href":"https:\/\/sebastian-schmitt-spd.de\/index.php?rest_route=%2Fwp%2Fv2%2Fcomments&post=380"}],"version-history":[{"count":77,"href":"https:\/\/sebastian-schmitt-spd.de\/index.php?rest_route=\/wp\/v2\/pages\/380\/revisions"}],"predecessor-version":[{"id":834,"href":"https:\/\/sebastian-schmitt-spd.de\/index.php?rest_route=\/wp\/v2\/pages\/380\/revisions\/834"}],"wp:attachment":[{"href":"https:\/\/sebastian-schmitt-spd.de\/index.php?rest_route=%2Fwp%2Fv2%2Fmedia&parent=380"}],"curies":[{"name":"wp","href":"https:\/\/api.w.org\/{rel}","templated":true}]}}