{"id":293,"date":"2023-08-01T00:00:09","date_gmt":"2023-08-01T00:00:09","guid":{"rendered":"http:\/\/sebastian-schmitt-spd.de\/?page_id=293"},"modified":"2025-05-20T13:08:43","modified_gmt":"2025-05-20T13:08:43","slug":"landtag","status":"publish","type":"page","link":"https:\/\/sebastian-schmitt-spd.de\/?page_id=293","title":{"rendered":"Landtag"},"content":{"rendered":"\t\t<div data-elementor-type=\"wp-page\" data-elementor-id=\"293\" class=\"elementor elementor-293\">\n\t\t\t\t\t\t<section class=\"elementor-section elementor-top-section elementor-element elementor-element-a83f775 elementor-section-boxed elementor-section-height-default elementor-section-height-default\" data-id=\"a83f775\" data-element_type=\"section\" data-e-type=\"section\">\n\t\t\t\t\t\t<div class=\"elementor-container elementor-column-gap-default\">\n\t\t\t\t\t<div class=\"elementor-column elementor-col-50 elementor-top-column elementor-element elementor-element-534943b\" data-id=\"534943b\" data-element_type=\"column\" data-e-type=\"column\">\n\t\t\t<div class=\"elementor-widget-wrap elementor-element-populated\">\n\t\t\t\t\t\t<div class=\"elementor-element elementor-element-8902444 elementor-widget elementor-widget-text-editor\" data-id=\"8902444\" data-element_type=\"widget\" data-e-type=\"widget\" data-widget_type=\"text-editor.default\">\n\t\t\t\t<div class=\"elementor-widget-container\">\n\t\t\t\t\t\t\t\t\t<h5>Berufliche T\u00e4tigkeit vor der Mitgliedschaft im Landtag des Saarlandes<\/h5><p>Regierungsbeamter, Ministerium f\u00fcr Wirtschaft, Arbeit, Energie und Verkehr des Saarlandes, Saarbr\u00fccken<\/p><h5>Mitgliedschaften und Funktionen in Parlamenten<\/h5><p>Mitglied des Landtages des Saarlandes<\/p><p>Vorsitzender des Ausschusses f\u00fcr Umwelt, Klima, Mobilit\u00e4t, Agrar und Verbraucherschutz<\/p><p>Mitglied des Ausschusses f\u00fcr Wirtschaft, Innovation, Digitales, Energie und Grubensicherheit<\/p><p>Mitglied des Ausschusses f\u00fcr Wissenschaft<\/p><h5>Sprecherrollen innerhalb der SPD-Landtagsfraktion<\/h5><p>Sprecher f\u00fcr Mobilit\u00e4t und Verkehr<br \/>Sprecher f\u00fcr Energiepolitik<\/p>\t\t\t\t\t\t\t\t<\/div>\n\t\t\t\t<\/div>\n\t\t\t\t\t<\/div>\n\t\t<\/div>\n\t\t\t\t<div class=\"elementor-column elementor-col-50 elementor-top-column elementor-element elementor-element-78b3ee4\" data-id=\"78b3ee4\" data-element_type=\"column\" data-e-type=\"column\">\n\t\t\t<div class=\"elementor-widget-wrap elementor-element-populated\">\n\t\t\t\t\t\t<div class=\"elementor-element elementor-element-9691699 elementor-widget elementor-widget-image\" data-id=\"9691699\" data-element_type=\"widget\" data-e-type=\"widget\" data-widget_type=\"image.default\">\n\t\t\t\t<div class=\"elementor-widget-container\">\n\t\t\t\t\t\t\t\t\t\t\t\t\t\t\t<img fetchpriority=\"high\" decoding=\"async\" width=\"247\" height=\"300\" src=\"https:\/\/sebastian-schmitt-spd.de\/wp-content\/uploads\/2023-01-18-3-scaled-e1690928624959-247x300.jpeg\" class=\"attachment-medium size-medium wp-image-301\" alt=\"\" srcset=\"https:\/\/sebastian-schmitt-spd.de\/wp-content\/uploads\/2023-01-18-3-scaled-e1690928624959-247x300.jpeg 247w, https:\/\/sebastian-schmitt-spd.de\/wp-content\/uploads\/2023-01-18-3-scaled-e1690928624959-843x1024.jpeg 843w, https:\/\/sebastian-schmitt-spd.de\/wp-content\/uploads\/2023-01-18-3-scaled-e1690928624959-768x933.jpeg 768w, https:\/\/sebastian-schmitt-spd.de\/wp-content\/uploads\/2023-01-18-3-scaled-e1690928624959-1264x1536.jpeg 1264w, https:\/\/sebastian-schmitt-spd.de\/wp-content\/uploads\/2023-01-18-3-scaled-e1690928624959.jpeg 1401w\" sizes=\"(max-width: 247px) 100vw, 247px\" \/>\t\t\t\t\t\t\t\t\t\t\t\t\t\t\t<\/div>\n\t\t\t\t<\/div>\n\t\t\t\t\t<\/div>\n\t\t<\/div>\n\t\t\t\t\t<\/div>\n\t\t<\/section>\n\t\t\t\t<section class=\"elementor-section elementor-top-section elementor-element elementor-element-f1dfde6 elementor-section-boxed elementor-section-height-default elementor-section-height-default\" data-id=\"f1dfde6\" data-element_type=\"section\" data-e-type=\"section\">\n\t\t\t\t\t\t<div class=\"elementor-container elementor-column-gap-default\">\n\t\t\t\t\t<div class=\"elementor-column elementor-col-100 elementor-top-column elementor-element elementor-element-374892b\" data-id=\"374892b\" data-element_type=\"column\" data-e-type=\"column\">\n\t\t\t<div class=\"elementor-widget-wrap\">\n\t\t\t\t\t\t\t<\/div>\n\t\t<\/div>\n\t\t\t\t\t<\/div>\n\t\t<\/section>\n\t\t\t\t<section class=\"elementor-section elementor-top-section elementor-element elementor-element-821f127 elementor-section-boxed elementor-section-height-default elementor-section-height-default\" data-id=\"821f127\" data-element_type=\"section\" data-e-type=\"section\">\n\t\t\t\t\t\t<div class=\"elementor-container elementor-column-gap-default\">\n\t\t\t\t\t<div class=\"elementor-column elementor-col-100 elementor-top-column elementor-element elementor-element-0f77b5f\" data-id=\"0f77b5f\" data-element_type=\"column\" data-e-type=\"column\">\n\t\t\t<div class=\"elementor-widget-wrap elementor-element-populated\">\n\t\t\t\t\t\t<div class=\"elementor-element elementor-element-08cea80 elementor-widget elementor-widget-text-editor\" data-id=\"08cea80\" data-element_type=\"widget\" data-e-type=\"widget\" data-widget_type=\"text-editor.default\">\n\t\t\t\t<div class=\"elementor-widget-container\">\n\t\t\t\t\t\t\t\t\t<h5>Entgeltliche T\u00e4tigkeiten neben dem Mandat, die selbstst\u00e4ndig oder im Rahmen eines Anstellungsverh\u00e4ltnisses ausge\u00fcbt werden<\/h5><p>Keine.<\/p><h5>T\u00e4tigkeiten als Mitglied eines Vorstandes, Aufsichtsrates, Verwaltungsrates, Beirates oder eines sonstigen Gremiums einer K\u00f6rperschaft oder Anstalt des \u00f6ffentlichen Rechts<\/h5><p>Mitglied im Gemeinderat der Gemeinde Beckingen:<br \/>Aufwandspauschale: 50,00 EUR \/ Monat (Summe in 2024: 600,00 EUR)<br \/>Sitzungsgeld: 20,00 EUR \/ Sitzung (Summe in 2024: 360,00 EUR)<br \/>Pauschale f\u00fcr papierlosen Abruf von Sitzungsdokumenten: 50,00 EUR \/ Jahr (Summe in 2024: 50,00 EUR)<\/p><p>Mitglied im Kreistag Merzig-Wadern<br \/>Aufwandspauschale: 150,00 EUR \/ Monat (Summe in 2024: 890,32 EUR)<br \/>Sitzungsgeld: 30,00 EUR \/ Sitzung (Summe in 2024: 150,00 EUR)<\/p><p>Stv. Mitglied der Sportplanungskommission f\u00fcr die SPD-Landtagsfraktion, Saarbr\u00fccken<\/p><p>Stv. Mitglied des Jugendhilfeausschusses Merzig-Wadern, Merzig<\/p><h5>T\u00e4tigkeiten als Mitglied eines Vorstandes, Aufsichtsrates, Verwaltungsrates, Beirates oder sonstigen Gremiums einer Gesellschaft oder eines in einer anderen Rechtsform betriebenen Unternehmens<\/h5><p>Mitglied im Aufsichtsrat der Verkehrsgesellschaft Merzig-Wadern mbH (VMW), Merzig<br \/>Sitzungsgeld: 40,00 EUR \/ Sitzung (Summe in 2024: 80,00 EUR)<\/p><p>Stv. Mitglied im Aufsichtsrat der Saarschleifenland Tourismus GmbH, Merzig<\/p><h5>T\u00e4tigkeiten als Mitglied eines Vorstandes oder eines sonstigen leitenden oder beratenden Gremiums eines Vereins, Verbandes oder einer \u00e4hnlichen Organisation sowie einer Stiftung<\/h5><p>Mitglied im Beirat der Kulturstiftung Merzig-Wadern, Merzig<\/p><p>Mitglied im Kreisausschuss des AWO Kreisverbandes Merzig-Wadern e. V., Merzig (unentgeltlich)<\/p><p>Mitglied im Vorstand des AWO Ortsvereins Beckingen (stv. Vorsitzender), Beckingen (unentgeltlich)<\/p><p>Mitglied im Vorstand des VdK Ortsverbandes Beckingen-Saarfels (Schriftf\u00fchrer), Beckingen (unentgeltlich)<\/p><p>Mitglied im Vorstand der Vereinsgemeinschaft Beckingen e. V. (Beisitzer), Beckingen (unentgeltlich)<\/p><h5>Beteiligungen an Kapital- oder Personengesellschaften, wenn dadurch ein wesentlicher wirtschaftlicher Einfluss auf ein Unternehmen begr\u00fcndet wird<\/h5><p>Keine.<\/p>\t\t\t\t\t\t\t\t<\/div>\n\t\t\t\t<\/div>\n\t\t\t\t\t<\/div>\n\t\t<\/div>\n\t\t\t\t\t<\/div>\n\t\t<\/section>\n\t\t\t\t<section class=\"elementor-section elementor-top-section elementor-element elementor-element-cabaa8b elementor-section-boxed elementor-section-height-default elementor-section-height-default\" data-id=\"cabaa8b\" data-element_type=\"section\" data-e-type=\"section\">\n\t\t\t\t\t\t<div class=\"elementor-container elementor-column-gap-default\">\n\t\t\t\t\t<div class=\"elementor-column elementor-col-50 elementor-top-column elementor-element elementor-element-faeb2fc\" data-id=\"faeb2fc\" data-element_type=\"column\" data-e-type=\"column\">\n\t\t\t<div class=\"elementor-widget-wrap elementor-element-populated\">\n\t\t\t\t\t\t<div class=\"elementor-element elementor-element-7d1c191 elementor-widget elementor-widget-text-editor\" data-id=\"7d1c191\" data-element_type=\"widget\" data-e-type=\"widget\" data-widget_type=\"text-editor.default\">\n\t\t\t\t<div class=\"elementor-widget-container\">\n\t\t\t\t\t\t\t\t\t<h5>Besuchergruppen im Landtag des Saarlandes<\/h5><p>Sie haben Lust, den Landtag mit einer kleinen Gruppe, einem Verein oder einer Schulklasse zu besuchen? Der Landtag bietet dazu entsprechende Angebote f\u00fcr Besuchergruppen &#8211; zum Teil mit entsprechenden Kostenerstattungen &#8211; an. Nach einer F\u00fchrung durch das Landtagsgeb\u00e4ude und einem Vortrag im Plenarsaal gibt es einen Einblick in die parlamentarische Arbeit eines Abgeordneten. Dar\u00fcber hinaus besteht die M\u00f6glichkeit, eine Plenarsitzung des Landtages von der Besuchertrib\u00fcne zu beobachten. Sollte dies Ihr Interesse geweckt haben, melden Sie sich gerne bei mir.<\/p>\t\t\t\t\t\t\t\t<\/div>\n\t\t\t\t<\/div>\n\t\t\t\t\t<\/div>\n\t\t<\/div>\n\t\t\t\t<div class=\"elementor-column elementor-col-50 elementor-top-column elementor-element elementor-element-5d45473\" data-id=\"5d45473\" data-element_type=\"column\" data-e-type=\"column\">\n\t\t\t<div class=\"elementor-widget-wrap elementor-element-populated\">\n\t\t\t\t\t\t<div class=\"elementor-element elementor-element-6e8d087 elementor-widget elementor-widget-image\" data-id=\"6e8d087\" data-element_type=\"widget\" data-e-type=\"widget\" data-widget_type=\"image.default\">\n\t\t\t\t<div class=\"elementor-widget-container\">\n\t\t\t\t\t\t\t\t\t\t\t\t\t\t\t<img decoding=\"async\" width=\"225\" height=\"300\" src=\"https:\/\/sebastian-schmitt-spd.de\/wp-content\/uploads\/Plenum-225x300.jpg\" class=\"attachment-medium size-medium wp-image-408\" alt=\"\" srcset=\"https:\/\/sebastian-schmitt-spd.de\/wp-content\/uploads\/Plenum-225x300.jpg 225w, https:\/\/sebastian-schmitt-spd.de\/wp-content\/uploads\/Plenum.jpg 375w\" sizes=\"(max-width: 225px) 100vw, 225px\" \/>\t\t\t\t\t\t\t\t\t\t\t\t\t\t\t<\/div>\n\t\t\t\t<\/div>\n\t\t\t\t\t<\/div>\n\t\t<\/div>\n\t\t\t\t\t<\/div>\n\t\t<\/section>\n\t\t\t\t<\/div>\n\t\t","protected":false},"excerpt":{"rendered":"<p>Berufliche T\u00e4tigkeit vor der Mitgliedschaft im Landtag des Saarlandes Regierungsbeamter, Ministerium f\u00fcr Wirtschaft, Arbeit, Energie und Verkehr des Saarlandes, Saarbr\u00fccken<\/p>\n","protected":false},"author":1,"featured_media":0,"parent":0,"menu_order":5,"comment_status":"closed","ping_status":"closed","template":"","meta":{"colormag_page_container_layout":"no_sidebar_content_centered","colormag_page_sidebar_layout":"no_sidebar","footnotes":""},"class_list":["post-293","page","type-page","status-publish","hentry"],"_links":{"self":[{"href":"https:\/\/sebastian-schmitt-spd.de\/index.php?rest_route=\/wp\/v2\/pages\/293","targetHints":{"allow":["GET"]}}],"collection":[{"href":"https:\/\/sebastian-schmitt-spd.de\/index.php?rest_route=\/wp\/v2\/pages"}],"about":[{"href":"https:\/\/sebastian-schmitt-spd.de\/index.php?rest_route=\/wp\/v2\/types\/page"}],"author":[{"embeddable":true,"href":"https:\/\/sebastian-schmitt-spd.de\/index.php?rest_route=\/wp\/v2\/users\/1"}],"replies":[{"embeddable":true,"href":"https:\/\/sebastian-schmitt-spd.de\/index.php?rest_route=%2Fwp%2Fv2%2Fcomments&post=293"}],"version-history":[{"count":119,"href":"https:\/\/sebastian-schmitt-spd.de\/index.php?rest_route=\/wp\/v2\/pages\/293\/revisions"}],"predecessor-version":[{"id":852,"href":"https:\/\/sebastian-schmitt-spd.de\/index.php?rest_route=\/wp\/v2\/pages\/293\/revisions\/852"}],"wp:attachment":[{"href":"https:\/\/sebastian-schmitt-spd.de\/index.php?rest_route=%2Fwp%2Fv2%2Fmedia&parent=293"}],"curies":[{"name":"wp","href":"https:\/\/api.w.org\/{rel}","templated":true}]}}